{"id":394,"date":"2019-10-01T19:07:40","date_gmt":"2019-10-01T19:07:40","guid":{"rendered":"https:\/\/www.stefanlotter.at\/?post_type=product&#038;p=394"},"modified":"2019-10-16T19:32:03","modified_gmt":"2019-10-16T19:32:03","slug":"privatkonzert-2-stunden","status":"publish","type":"product","link":"https:\/\/www.stefanlotter.at\/index.php\/produkt\/privatkonzert-2-stunden\/","title":{"rendered":"Privatkonzert &#8211; 2 Stunden"},"content":{"rendered":"<p>Ich unterhalte einen Abend lang deine Party!<\/p>\n<p>Das Programm setzt sich aus folgenden Liedern zusammen:<\/p>\n\n<table id=\"tablepress-1\" class=\"tablepress tablepress-id-1\">\n<thead>\n<tr class=\"row-1\">\n\t<th class=\"column-1\">Titel<\/th><th class=\"column-2\">Interpret<\/th><th class=\"column-3\">Genre<\/th>\n<\/tr>\n<\/thead>\n<tbody class=\"row-striping row-hover\">\n<tr class=\"row-2\">\n\t<td class=\"column-1\">Morgen<\/td><td class=\"column-2\">EAV<\/td><td class=\"column-3\">Austro Pop<\/td>\n<\/tr>\n<tr class=\"row-3\">\n\t<td class=\"column-1\">Bongo Boy<\/td><td class=\"column-2\">EAV<\/td><td class=\"column-3\">Austro Pop<\/td>\n<\/tr>\n<tr class=\"row-4\">\n\t<td class=\"column-1\">Strandbrunzer Tango<\/td><td class=\"column-2\">Georg Danzer<\/td><td class=\"column-3\">Austro Pop<\/td>\n<\/tr>\n<tr class=\"row-5\">\n\t<td class=\"column-1\">Kniera<\/td><td class=\"column-2\">Georg Danzer<\/td><td class=\"column-3\">Austro Pop<\/td>\n<\/tr>\n<tr class=\"row-6\">\n\t<td class=\"column-1\">Hupf in Gatsch<\/td><td class=\"column-2\">Georg Danzer<\/td><td class=\"column-3\">Austro Pop<\/td>\n<\/tr>\n<tr class=\"row-7\">\n\t<td class=\"column-1\">Griechenland<\/td><td class=\"column-2\">Georg Danzer<\/td><td class=\"column-3\">Austro Pop<\/td>\n<\/tr>\n<tr class=\"row-8\">\n\t<td class=\"column-1\">Wei\u00a7e Pferde<\/td><td class=\"column-2\">Georg Danzer<\/td><td class=\"column-3\">Austro Pop<\/td>\n<\/tr>\n<tr class=\"row-9\">\n\t<td class=\"column-1\">Ruaf mi net an<\/td><td class=\"column-2\">Georg Danzer<\/td><td class=\"column-3\">Austro Pop<\/td>\n<\/tr>\n<tr class=\"row-10\">\n\t<td class=\"column-1\">Da Joker<\/td><td class=\"column-2\">Ostbahn Kurti<\/td><td class=\"column-3\">Austro Pop<\/td>\n<\/tr>\n<tr class=\"row-11\">\n\t<td class=\"column-1\">Arbeit<\/td><td class=\"column-2\">Ostbahn Kurti<\/td><td class=\"column-3\">Austro Pop<\/td>\n<\/tr>\n<tr class=\"row-12\">\n\t<td class=\"column-1\">57er CHEVY<\/td><td class=\"column-2\">Ostbahn Kurti<\/td><td class=\"column-3\">Austro Pop<\/td>\n<\/tr>\n<tr class=\"row-13\">\n\t<td class=\"column-1\">Feuer<\/td><td class=\"column-2\">Ostbahn Kurti<\/td><td class=\"column-3\">Austro Pop<\/td>\n<\/tr>\n<tr class=\"row-14\">\n\t<td class=\"column-1\">Zwischen 1 und 4<\/td><td class=\"column-2\">Rainhard Fendrich<\/td><td class=\"column-3\">Austro Pop<\/td>\n<\/tr>\n<tr class=\"row-15\">\n\t<td class=\"column-1\">I Am From Austria<\/td><td class=\"column-2\">Rainhard Fendrich<\/td><td class=\"column-3\">Austro Pop<\/td>\n<\/tr>\n<tr class=\"row-16\">\n\t<td class=\"column-1\">V\u009f sch\u009aner is des Gf\u009fhl<\/td><td class=\"column-2\">Rainhard Fendrich<\/td><td class=\"column-3\">Austro Pop<\/td>\n<\/tr>\n<tr class=\"row-17\">\n\t<td class=\"column-1\">Weilst a Herz hast wie a Bergwerk<\/td><td class=\"column-2\">Rainhard Fendrich<\/td><td class=\"column-3\">Austro Pop<\/td>\n<\/tr>\n<tr class=\"row-18\">\n\t<td class=\"column-1\">Strada des Sole<\/td><td class=\"column-2\">Rainhard Fendrich<\/td><td class=\"column-3\">Austro Pop<\/td>\n<\/tr>\n<tr class=\"row-19\">\n\t<td class=\"column-1\">Manchmal denk i noch an dich<\/td><td class=\"column-2\">Rainhard Fendrich<\/td><td class=\"column-3\">Austro Pop<\/td>\n<\/tr>\n<tr class=\"row-20\">\n\t<td class=\"column-1\">Macho Macho<\/td><td class=\"column-2\">Reinhard Fendrich<\/td><td class=\"column-3\">Austro Pop<\/td>\n<\/tr>\n<tr class=\"row-21\">\n\t<td class=\"column-1\">Kalt und k\u008alter<\/td><td class=\"column-2\">STS<\/td><td class=\"column-3\">Austro Pop<\/td>\n<\/tr>\n<tr class=\"row-22\">\n\t<td class=\"column-1\">Zeig mir dein' Himmel<\/td><td class=\"column-2\">STS<\/td><td class=\"column-3\">Austro Pop<\/td>\n<\/tr>\n<tr class=\"row-23\">\n\t<td class=\"column-1\">Sie wissen alles besser<\/td><td class=\"column-2\">STS<\/td><td class=\"column-3\">Austro Pop<\/td>\n<\/tr>\n<tr class=\"row-24\">\n\t<td class=\"column-1\">Komm<\/td><td class=\"column-2\">STS<\/td><td class=\"column-3\">Austro Pop<\/td>\n<\/tr>\n<tr class=\"row-25\">\n\t<td class=\"column-1\">I bin aus \u0085sterreich<\/td><td class=\"column-2\">STS<\/td><td class=\"column-3\">Austro Pop<\/td>\n<\/tr>\n<tr class=\"row-26\">\n\t<td class=\"column-1\">Do kumt die Sun<\/td><td class=\"column-2\">STS<\/td><td class=\"column-3\">Austro Pop<\/td>\n<\/tr>\n<tr class=\"row-27\">\n\t<td class=\"column-1\">G\u009a, du bleibst heit Nocht bei mir<\/td><td class=\"column-2\">STS<\/td><td class=\"column-3\">Austro Pop<\/td>\n<\/tr>\n<tr class=\"row-28\">\n\t<td class=\"column-1\">Wohin die Reise<\/td><td class=\"column-2\">STS<\/td><td class=\"column-3\">Austro Pop<\/td>\n<\/tr>\n<tr class=\"row-29\">\n\t<td class=\"column-1\">Gro\u00a7vater<\/td><td class=\"column-2\">STS<\/td><td class=\"column-3\">Austro Pop<\/td>\n<\/tr>\n<tr class=\"row-30\">\n\t<td class=\"column-1\">F\u009frstenfeld<\/td><td class=\"column-2\">STS<\/td><td class=\"column-3\">Austro Pop<\/td>\n<\/tr>\n<tr class=\"row-31\">\n\t<td class=\"column-1\">Afoch furt<\/td><td class=\"column-2\">STS<\/td><td class=\"column-3\">Austro Pop<\/td>\n<\/tr>\n<tr class=\"row-32\">\n\t<td class=\"column-1\">\u0086berdosis G'f\u009fhl<\/td><td class=\"column-2\">STS<\/td><td class=\"column-3\">Austro Pop<\/td>\n<\/tr>\n<tr class=\"row-33\">\n\t<td class=\"column-1\">Irgendwann bleib i dann dort<\/td><td class=\"column-2\">STS<\/td><td class=\"column-3\">Austro Pop<\/td>\n<\/tr>\n<tr class=\"row-34\">\n\t<td class=\"column-1\">Immer weiter fort<\/td><td class=\"column-2\">STS<\/td><td class=\"column-3\">Austro Pop<\/td>\n<\/tr>\n<tr class=\"row-35\">\n\t<td class=\"column-1\">I hob di leben g\u00d5sehn<\/td><td class=\"column-2\">STS<\/td><td class=\"column-3\">Austro Pop<\/td>\n<\/tr>\n<tr class=\"row-36\">\n\t<td class=\"column-1\">10 Minuten still<\/td><td class=\"column-2\">STS<\/td><td class=\"column-3\">Austro Pop<\/td>\n<\/tr>\n<tr class=\"row-37\">\n\t<td class=\"column-1\">Lass mi amoi no d\u00absun aufgehen sehen \u00d0 Georg Danzer<\/td><td class=\"column-2\">STS<\/td><td class=\"column-3\">Austro Pop<\/td>\n<\/tr>\n<tr class=\"row-38\">\n\t<td class=\"column-1\">Shook me all night long<\/td><td class=\"column-2\">ACDC<\/td><td class=\"column-3\">Rock<\/td>\n<\/tr>\n<tr class=\"row-39\">\n\t<td class=\"column-1\">Come together<\/td><td class=\"column-2\">Beatles<\/td><td class=\"column-3\">Rock<\/td>\n<\/tr>\n<tr class=\"row-40\">\n\t<td class=\"column-1\">Get Back<\/td><td class=\"column-2\">Beatles<\/td><td class=\"column-3\">Rock<\/td>\n<\/tr>\n<tr class=\"row-41\">\n\t<td class=\"column-1\">Let it be<\/td><td class=\"column-2\">Beatles<\/td><td class=\"column-3\">Rock<\/td>\n<\/tr>\n<tr class=\"row-42\">\n\t<td class=\"column-1\">Back in the USSR<\/td><td class=\"column-2\">Beatles<\/td><td class=\"column-3\">Rock<\/td>\n<\/tr>\n<tr class=\"row-43\">\n\t<td class=\"column-1\">Come together<\/td><td class=\"column-2\">Beatles<\/td><td class=\"column-3\">Rock<\/td>\n<\/tr>\n<tr class=\"row-44\">\n\t<td class=\"column-1\">Youv`e got to hide your love away<\/td><td class=\"column-2\">Beatles<\/td><td class=\"column-3\">Folk<\/td>\n<\/tr>\n<tr class=\"row-45\">\n\t<td class=\"column-1\">Knocking on heavens door<\/td><td class=\"column-2\">Bob Dylan<\/td><td class=\"column-3\">Rock<\/td>\n<\/tr>\n<tr class=\"row-46\">\n\t<td class=\"column-1\">Don\u00d5t think twice<\/td><td class=\"column-2\">Bob Dylan<\/td><td class=\"column-3\">Folk<\/td>\n<\/tr>\n<tr class=\"row-47\">\n\t<td class=\"column-1\">Knocking on heavens door<\/td><td class=\"column-2\">Bob Dylan<\/td><td class=\"column-3\">Folk<\/td>\n<\/tr>\n<tr class=\"row-48\">\n\t<td class=\"column-1\">No woman no cry<\/td><td class=\"column-2\">Bob Marley<\/td><td class=\"column-3\">Reggea<\/td>\n<\/tr>\n<tr class=\"row-49\">\n\t<td class=\"column-1\">Redemption Song<\/td><td class=\"column-2\">Bob Marley<\/td><td class=\"column-3\">Folk<\/td>\n<\/tr>\n<tr class=\"row-50\">\n\t<td class=\"column-1\">Summer of 69<\/td><td class=\"column-2\">Bryan Adams<\/td><td class=\"column-3\">Rock<\/td>\n<\/tr>\n<tr class=\"row-51\">\n\t<td class=\"column-1\">Morning has broken<\/td><td class=\"column-2\">Cat Stevens<\/td><td class=\"column-3\">Folk<\/td>\n<\/tr>\n<tr class=\"row-52\">\n\t<td class=\"column-1\">Wild world<\/td><td class=\"column-2\">Cat Stevens<\/td><td class=\"column-3\">Folk<\/td>\n<\/tr>\n<tr class=\"row-53\">\n\t<td class=\"column-1\">Father and son<\/td><td class=\"column-2\">Cat Stevens<\/td><td class=\"column-3\">Folk<\/td>\n<\/tr>\n<tr class=\"row-54\">\n\t<td class=\"column-1\">Cotton fields<\/td><td class=\"column-2\">CCR<\/td><td class=\"column-3\">Rock<\/td>\n<\/tr>\n<tr class=\"row-55\">\n\t<td class=\"column-1\">Have you ever seen the rain<\/td><td class=\"column-2\">CCR<\/td><td class=\"column-3\">Rock<\/td>\n<\/tr>\n<tr class=\"row-56\">\n\t<td class=\"column-1\">Proud Mary<\/td><td class=\"column-2\">CCR<\/td><td class=\"column-3\">Rock<\/td>\n<\/tr>\n<tr class=\"row-57\">\n\t<td class=\"column-1\">Cottonfields<\/td><td class=\"column-2\">CCR<\/td><td class=\"column-3\">Rock<\/td>\n<\/tr>\n<tr class=\"row-58\">\n\t<td class=\"column-1\">Bad moon rising<\/td><td class=\"column-2\">CCR<\/td><td class=\"column-3\">Rock<\/td>\n<\/tr>\n<tr class=\"row-59\">\n\t<td class=\"column-1\">As long as I can see the light<\/td><td class=\"column-2\">CCR<\/td><td class=\"column-3\">Rock<\/td>\n<\/tr>\n<tr class=\"row-60\">\n\t<td class=\"column-1\">Fuck all those perfect people<\/td><td class=\"column-2\">Chip Taylor<\/td><td class=\"column-3\">Folk<\/td>\n<\/tr>\n<tr class=\"row-61\">\n\t<td class=\"column-1\">Mr. Jones<\/td><td class=\"column-2\">Counting Crows<\/td><td class=\"column-3\">Rock<\/td>\n<\/tr>\n<tr class=\"row-62\">\n\t<td class=\"column-1\">Teach your children<\/td><td class=\"column-2\">Crosby Stills Nash<\/td><td class=\"column-3\">Folk<\/td>\n<\/tr>\n<tr class=\"row-63\">\n\t<td class=\"column-1\">Follow you into the Dark<\/td><td class=\"column-2\">Death Cab for Cutie<\/td><td class=\"column-3\">Folk<\/td>\n<\/tr>\n<tr class=\"row-64\">\n\t<td class=\"column-1\">Breakfast at Tiffanys<\/td><td class=\"column-2\">Deep blue something<\/td><td class=\"column-3\">Rock<\/td>\n<\/tr>\n<tr class=\"row-65\">\n\t<td class=\"column-1\">So far away from me<\/td><td class=\"column-2\">Dire Straits<\/td><td class=\"column-3\">Rock<\/td>\n<\/tr>\n<tr class=\"row-66\">\n\t<td class=\"column-1\">Walk of life<\/td><td class=\"column-2\">Dire Straits<\/td><td class=\"column-3\">Rock<\/td>\n<\/tr>\n<tr class=\"row-67\">\n\t<td class=\"column-1\">Jolene<\/td><td class=\"column-2\">Dolly Parton<\/td><td class=\"column-3\">Rock<\/td>\n<\/tr>\n<tr class=\"row-68\">\n\t<td class=\"column-1\">Save tonight<\/td><td class=\"column-2\">Eagle Eye Cherry<\/td><td class=\"column-3\">Rock<\/td>\n<\/tr>\n<tr class=\"row-69\">\n\t<td class=\"column-1\">Take it easy<\/td><td class=\"column-2\">Eagles<\/td><td class=\"column-3\">Rock<\/td>\n<\/tr>\n<tr class=\"row-70\">\n\t<td class=\"column-1\">All shook up<\/td><td class=\"column-2\">Elvis Presley<\/td><td class=\"column-3\">Rock<\/td>\n<\/tr>\n<tr class=\"row-71\">\n\t<td class=\"column-1\">Jailhouse rock<\/td><td class=\"column-2\">Elvis Presley<\/td><td class=\"column-3\">Rock<\/td>\n<\/tr>\n<tr class=\"row-72\">\n\t<td class=\"column-1\">Tears in heaven<\/td><td class=\"column-2\">Eric Clapton<\/td><td class=\"column-3\">Folk<\/td>\n<\/tr>\n<tr class=\"row-73\">\n\t<td class=\"column-1\">Cocaine<\/td><td class=\"column-2\">Eric Clapton<\/td><td class=\"column-3\">Rock<\/td>\n<\/tr>\n<tr class=\"row-74\">\n\t<td class=\"column-1\">Layla<\/td><td class=\"column-2\">Eric Clapton<\/td><td class=\"column-3\">Rock<\/td>\n<\/tr>\n<tr class=\"row-75\">\n\t<td class=\"column-1\">Tears in heaven<\/td><td class=\"column-2\">Eric Clapton<\/td><td class=\"column-3\">Folk<\/td>\n<\/tr>\n<tr class=\"row-76\">\n\t<td class=\"column-1\">Wake up little Susie<\/td><td class=\"column-2\">Everly brothers<\/td><td class=\"column-3\">Rock<\/td>\n<\/tr>\n<tr class=\"row-77\">\n\t<td class=\"column-1\">Ganz Wien<\/td><td class=\"column-2\">Falco<\/td><td class=\"column-3\">Austro Pop<\/td>\n<\/tr>\n<tr class=\"row-78\">\n\t<td class=\"column-1\">Better together<\/td><td class=\"column-2\">Jack Johnson<\/td><td class=\"column-3\">Folk<\/td>\n<\/tr>\n<tr class=\"row-79\">\n\t<td class=\"column-1\">You've got a friend<\/td><td class=\"column-2\">James Taylor<\/td><td class=\"column-3\">Folk<\/td>\n<\/tr>\n<tr class=\"row-80\">\n\t<td class=\"column-1\">Mercedes Benz<\/td><td class=\"column-2\">Janis Joplin<\/td><td class=\"column-3\">Rock<\/td>\n<\/tr>\n<tr class=\"row-81\">\n\t<td class=\"column-1\">Are you gonna be my girl<\/td><td class=\"column-2\">JET<\/td><td class=\"column-3\">Rock<\/td>\n<\/tr>\n<tr class=\"row-82\">\n\t<td class=\"column-1\">Country roads<\/td><td class=\"column-2\">John Denver<\/td><td class=\"column-3\">Folk<\/td>\n<\/tr>\n<tr class=\"row-83\">\n\t<td class=\"column-1\">Sunny Afternoon<\/td><td class=\"column-2\">Kinks<\/td><td class=\"column-3\">Rock<\/td>\n<\/tr>\n<tr class=\"row-84\">\n\t<td class=\"column-1\">Take a walk on the wild side<\/td><td class=\"column-2\">Lou Reed<\/td><td class=\"column-3\">Folk<\/td>\n<\/tr>\n<tr class=\"row-85\">\n\t<td class=\"column-1\">Sweet home alabama<\/td><td class=\"column-2\">Lynyd Skynyrd<\/td><td class=\"column-3\">Rock<\/td>\n<\/tr>\n<tr class=\"row-86\">\n\t<td class=\"column-1\">Black or white<\/td><td class=\"column-2\">Michael Joackson<\/td><td class=\"column-3\">Rock<\/td>\n<\/tr>\n<tr class=\"row-87\">\n\t<td class=\"column-1\">Der Nippel<\/td><td class=\"column-2\">Mike Kr\u009fger<\/td><td class=\"column-3\">Deutsch<\/td>\n<\/tr>\n<tr class=\"row-88\">\n\t<td class=\"column-1\">Keep on rockin in the free world<\/td><td class=\"column-2\">Neil Young<\/td><td class=\"column-3\">Rock<\/td>\n<\/tr>\n<tr class=\"row-89\">\n\t<td class=\"column-1\">Don\u00d5t look back in anger<\/td><td class=\"column-2\">Oasis<\/td><td class=\"column-3\">Folk<\/td>\n<\/tr>\n<tr class=\"row-90\">\n\t<td class=\"column-1\">Wonderwall<\/td><td class=\"column-2\">Oasis<\/td><td class=\"column-3\">Rock<\/td>\n<\/tr>\n<tr class=\"row-91\">\n\t<td class=\"column-1\">Sittin' on the dock of a bay<\/td><td class=\"column-2\">Otis Reding<\/td><td class=\"column-3\">Folk<\/td>\n<\/tr>\n<tr class=\"row-92\">\n\t<td class=\"column-1\">Wish you were here<\/td><td class=\"column-2\">Pink Floyd<\/td><td class=\"column-3\">Rock<\/td>\n<\/tr>\n<tr class=\"row-93\">\n\t<td class=\"column-1\">High and Dry<\/td><td class=\"column-2\">Radiohead<\/td><td class=\"column-3\">Rock<\/td>\n<\/tr>\n<tr class=\"row-94\">\n\t<td class=\"column-1\">Karma Police<\/td><td class=\"column-2\">Radiohead<\/td><td class=\"column-3\">Rock<\/td>\n<\/tr>\n<tr class=\"row-95\">\n\t<td class=\"column-1\">Cotton eye joe<\/td><td class=\"column-2\">Rednex<\/td><td class=\"column-3\">Rock<\/td>\n<\/tr>\n<tr class=\"row-96\">\n\t<td class=\"column-1\">Sugar Man<\/td><td class=\"column-2\">Rodriguez<\/td><td class=\"column-3\">Folk<\/td>\n<\/tr>\n<tr class=\"row-97\">\n\t<td class=\"column-1\">Honkey Tonk Woman<\/td><td class=\"column-2\">Rolling Stones<\/td><td class=\"column-3\">Rock<\/td>\n<\/tr>\n<tr class=\"row-98\">\n\t<td class=\"column-1\">Angie<\/td><td class=\"column-2\">Rolling Stones<\/td><td class=\"column-3\">Folk<\/td>\n<\/tr>\n<tr class=\"row-99\">\n\t<td class=\"column-1\">Wild Horses<\/td><td class=\"column-2\">Rolling Stones<\/td><td class=\"column-3\">Folk<\/td>\n<\/tr>\n<tr class=\"row-100\">\n\t<td class=\"column-1\">Wind of change<\/td><td class=\"column-2\">Scorpions<\/td><td class=\"column-3\">Rock<\/td>\n<\/tr>\n<tr class=\"row-101\">\n\t<td class=\"column-1\">Ham kumst<\/td><td class=\"column-2\">Seiler und Speer<\/td><td class=\"column-3\">Austro Pop<\/td>\n<\/tr>\n<tr class=\"row-102\">\n\t<td class=\"column-1\">Mrs Robinson<\/td><td class=\"column-2\">Simon &amp; Garfunkel<\/td><td class=\"column-3\">Rock<\/td>\n<\/tr>\n<tr class=\"row-103\">\n\t<td class=\"column-1\">Stuck in the middle with you<\/td><td class=\"column-2\">Steelers Wheel<\/td><td class=\"column-3\">Rock<\/td>\n<\/tr>\n<tr class=\"row-104\">\n\t<td class=\"column-1\">Gmiatlich in da Sun<\/td><td class=\"column-2\">Stefan Lotter (Cover Kinks)<\/td><td class=\"column-3\">Rock<\/td>\n<\/tr>\n<tr class=\"row-105\">\n\t<td class=\"column-1\">Born to be wild<\/td><td class=\"column-2\">Steppenwolf<\/td><td class=\"column-3\">Rock<\/td>\n<\/tr>\n<tr class=\"row-106\">\n\t<td class=\"column-1\">The Joker<\/td><td class=\"column-2\">Steve Miller<\/td><td class=\"column-3\">Rock<\/td>\n<\/tr>\n<tr class=\"row-107\">\n\t<td class=\"column-1\">Get back<\/td><td class=\"column-2\">The Beatles<\/td><td class=\"column-3\">Rock<\/td>\n<\/tr>\n<tr class=\"row-108\">\n\t<td class=\"column-1\">Let it be<\/td><td class=\"column-2\">The Beatles<\/td><td class=\"column-3\">Rock<\/td>\n<\/tr>\n<tr class=\"row-109\">\n\t<td class=\"column-1\">Twist and Shout<\/td><td class=\"column-2\">The Beatles<\/td><td class=\"column-3\">Rock<\/td>\n<\/tr>\n<tr class=\"row-110\">\n\t<td class=\"column-1\">Alabama song<\/td><td class=\"column-2\">The Doors<\/td><td class=\"column-3\">Rock<\/td>\n<\/tr>\n<tr class=\"row-111\">\n\t<td class=\"column-1\">Oh la la<\/td><td class=\"column-2\">The Faces (Rod Stewart)<\/td><td class=\"column-3\">Rock<\/td>\n<\/tr>\n<tr class=\"row-112\">\n\t<td class=\"column-1\">Lola<\/td><td class=\"column-2\">The Kinks<\/td><td class=\"column-3\">Rock<\/td>\n<\/tr>\n<tr class=\"row-113\">\n\t<td class=\"column-1\">500 Miles<\/td><td class=\"column-2\">The Proclaimers<\/td><td class=\"column-3\">Rock<\/td>\n<\/tr>\n<tr class=\"row-114\">\n\t<td class=\"column-1\">Danicing in the moonlight<\/td><td class=\"column-2\">Toploader<\/td><td class=\"column-3\">Rock<\/td>\n<\/tr>\n<tr class=\"row-115\">\n\t<td class=\"column-1\">Rosanna<\/td><td class=\"column-2\">Toto<\/td><td class=\"column-3\">Rock<\/td>\n<\/tr>\n<tr class=\"row-116\">\n\t<td class=\"column-1\">Allan wie a Stan<\/td><td class=\"column-2\">Wolfgang Ambros<\/td><td class=\"column-3\">Austro Pop<\/td>\n<\/tr>\n<tr class=\"row-117\">\n\t<td class=\"column-1\">Denk net noch<\/td><td class=\"column-2\">Wolfgang Ambros<\/td><td class=\"column-3\">Austro Pop<\/td>\n<\/tr>\n<tr class=\"row-118\">\n\t<td class=\"column-1\">Laungsam wachsma zamm<\/td><td class=\"column-2\">Wolfgang Ambros<\/td><td class=\"column-3\">Austro Pop<\/td>\n<\/tr>\n<tr class=\"row-119\">\n\t<td class=\"column-1\">Corinna Corinna<\/td><td class=\"column-2\">Wolfgang Ambros<\/td><td class=\"column-3\">Austro Pop<\/td>\n<\/tr>\n<tr class=\"row-120\">\n\t<td class=\"column-1\">Blume aus dem Gemeindebau<\/td><td class=\"column-2\">Wolfgang Ambros<\/td><td class=\"column-3\">Austro Pop<\/td>\n<\/tr>\n<tr class=\"row-121\">\n\t<td class=\"column-1\">Zwickt\u00d4s mi<\/td><td class=\"column-2\">Wolfgang Ambros<\/td><td class=\"column-3\">Austro Pop<\/td>\n<\/tr>\n<tr class=\"row-122\">\n\t<td class=\"column-1\">Schaffnerlos<\/td><td class=\"column-2\">Wolfgang Ambros<\/td><td class=\"column-3\">Austro Pop<\/td>\n<\/tr>\n<tr class=\"row-123\">\n\t<td class=\"column-1\">Mir geht es wie dem Jesus<\/td><td class=\"column-2\">Wolfgang Ambros<\/td><td class=\"column-3\">Austro Pop<\/td>\n<\/tr>\n<tr class=\"row-124\">\n\t<td class=\"column-1\">A Gulasch und a Seitl Bier \u00d0 Wolfgang Ambros<\/td><td class=\"column-2\">Wolfgang Ambros<\/td><td class=\"column-3\">Austro Pop<\/td>\n<\/tr>\n<tr class=\"row-125\">\n\t<td class=\"column-1\">Der Hofer<\/td><td class=\"column-2\">Wolfgang Ambros<\/td><td class=\"column-3\">Austro Pop<\/td>\n<\/tr>\n<tr class=\"row-126\">\n\t<td class=\"column-1\">Fett wie ein Radierer<\/td><td class=\"column-2\">Wolfgang Ambros<\/td><td class=\"column-3\">Austro Pop<\/td>\n<\/tr>\n<\/tbody>\n<\/table>\n<!-- #tablepress-1 from cache -->\n<p>Hast du besondere Lierderw\u00fcnsche oder m\u00f6chtest bestimmte der unten aufgef\u00fchrten Lieder h\u00f6ren? Kein Problem! Klicke einfach <a href=\"https:\/\/www.stefanlotter.at\/index.php\/musik\/liederauswahl\/\">hier<\/a> und nutze das dortige Formular!<\/p>\n","protected":false},"excerpt":{"rendered":"<p>Zeit: 2 Stunde<br \/>\nEquipment: Entweder Unplugged-Konzert oder ein kleiner Verst\u00e4rker bis 60 Leute<\/p>\n","protected":false},"featured_media":711,"comment_status":"open","ping_status":"closed","template":"","meta":{"_exactmetrics_skip_tracking":false,"_exactmetrics_sitenote_active":false,"_exactmetrics_sitenote_note":"","_exactmetrics_sitenote_category":0},"product_brand":[],"product_cat":[24],"product_tag":[],"class_list":{"0":"post-394","1":"product","2":"type-product","3":"status-publish","4":"has-post-thumbnail","6":"product_cat-auftritt","8":"first","9":"instock","10":"virtual","11":"purchasable","12":"product-type-simple"},"aioseo_notices":[],"jetpack_sharing_enabled":true,"_links":{"self":[{"href":"https:\/\/www.stefanlotter.at\/index.php\/wp-json\/wp\/v2\/product\/394","targetHints":{"allow":["GET"]}}],"collection":[{"href":"https:\/\/www.stefanlotter.at\/index.php\/wp-json\/wp\/v2\/product"}],"about":[{"href":"https:\/\/www.stefanlotter.at\/index.php\/wp-json\/wp\/v2\/types\/product"}],"replies":[{"embeddable":true,"href":"https:\/\/www.stefanlotter.at\/index.php\/wp-json\/wp\/v2\/comments?post=394"}],"wp:featuredmedia":[{"embeddable":true,"href":"https:\/\/www.stefanlotter.at\/index.php\/wp-json\/wp\/v2\/media\/711"}],"wp:attachment":[{"href":"https:\/\/www.stefanlotter.at\/index.php\/wp-json\/wp\/v2\/media?parent=394"}],"wp:term":[{"taxonomy":"product_brand","embeddable":true,"href":"https:\/\/www.stefanlotter.at\/index.php\/wp-json\/wp\/v2\/product_brand?post=394"},{"taxonomy":"product_cat","embeddable":true,"href":"https:\/\/www.stefanlotter.at\/index.php\/wp-json\/wp\/v2\/product_cat?post=394"},{"taxonomy":"product_tag","embeddable":true,"href":"https:\/\/www.stefanlotter.at\/index.php\/wp-json\/wp\/v2\/product_tag?post=394"}],"curies":[{"name":"wp","href":"https:\/\/api.w.org\/{rel}","templated":true}]}}