{"id":3304,"date":"2021-02-21T21:51:44","date_gmt":"2021-02-21T21:51:44","guid":{"rendered":"https:\/\/www.stefanlotter.at\/?page_id=3304"},"modified":"2021-02-21T21:51:44","modified_gmt":"2021-02-21T21:51:44","slug":"beitraege-test","status":"publish","type":"page","link":"https:\/\/www.stefanlotter.at\/index.php\/beitraege-test\/","title":{"rendered":"Beitr\u00e4ge Test"},"content":{"rendered":"<div id=\"pl-3304\"  class=\"panel-layout\" ><div id=\"pg-3304-0\"  class=\"panel-grid panel-no-style\" ><div id=\"pgc-3304-0-0\"  class=\"panel-grid-cell\" >\n\t\t<div id=\"panel-3304-0-0-0\" class=\"so-panel widget widget_recent-posts widget_recent_entries panel-first-child panel-last-child\" data-index=\"0\" >\n\t\t<h3 class=\"widget-title\">Neueste Beitr\u00e4ge<\/h3>\n\t\t<ul>\n\t\t\t\t\t\t\t\t\t\t\t<li>\n\t\t\t\t\t<a href=\"https:\/\/www.stefanlotter.at\/index.php\/2025\/03\/29\/konzertankuendigung-fuer-5-3\/\">Konzertank\u00fcndigung f\u00fcr 3.5.<\/a>\n\t\t\t\t\t\t\t\t\t<\/li>\n\t\t\t\t\t\t\t\t\t\t\t<li>\n\t\t\t\t\t<a href=\"https:\/\/www.stefanlotter.at\/index.php\/2024\/11\/10\/bild-zu-den-sinkenden-temperaturen-froschtig\/\">Bild zu den sinkenden Temperaturen: Froschtig.<\/a>\n\t\t\t\t\t\t\t\t\t<\/li>\n\t\t\t\t\t\t\t\t\t\t\t<li>\n\t\t\t\t\t<a href=\"https:\/\/www.stefanlotter.at\/index.php\/2024\/10\/27\/feierlichkeiten-zum-oesterreichischen-nationalfeiertag-2\/\">Feierlichkeiten zum \u00d6sterreichischen Nationalfeiertag<\/a>\n\t\t\t\t\t\t\t\t\t<\/li>\n\t\t\t\t\t\t\t\t\t\t\t<li>\n\t\t\t\t\t<a href=\"https:\/\/www.stefanlotter.at\/index.php\/2024\/07\/06\/auftritt-in-der-laola-bar\/\">Auftritt in der LaOla Bar<\/a>\n\t\t\t\t\t\t\t\t\t<\/li>\n\t\t\t\t\t\t\t\t\t\t\t<li>\n\t\t\t\t\t<a href=\"https:\/\/www.stefanlotter.at\/index.php\/2024\/03\/25\/bundespraesident-alexander-van-der-bellen-an-der-uni-zuerich\/\">Bundespr\u00e4sident Alexander Van der Bellen an der Uni Z\u00fcrich<\/a>\n\t\t\t\t\t\t\t\t\t<\/li>\n\t\t\t\t\t\t\t\t\t\t\t<li>\n\t\t\t\t\t<a href=\"https:\/\/www.stefanlotter.at\/index.php\/2023\/10\/27\/feierlichkeiten-zum-oesterreichischen-nationalfeiertag\/\">Feierlichkeiten zum \u00d6sterreichischen Nationalfeiertag<\/a>\n\t\t\t\t\t\t\t\t\t<\/li>\n\t\t\t\t\t\t\t\t\t\t\t<li>\n\t\t\t\t\t<a href=\"https:\/\/www.stefanlotter.at\/index.php\/2023\/06\/27\/die-burgerschaft\/\">Die Burgerschaft<\/a>\n\t\t\t\t\t\t\t\t\t<\/li>\n\t\t\t\t\t\t\t\t\t\t\t<li>\n\t\t\t\t\t<a href=\"https:\/\/www.stefanlotter.at\/index.php\/2023\/05\/19\/kuk-am-wasser\/\">K&#038;K am Wasser<\/a>\n\t\t\t\t\t\t\t\t\t<\/li>\n\t\t\t\t\t\t\t\t\t\t\t<li>\n\t\t\t\t\t<a href=\"https:\/\/www.stefanlotter.at\/index.php\/2023\/05\/17\/leider-bin-i-net-die-credit-suisse\/\">Leider bin i net die Credit Suisse<\/a>\n\t\t\t\t\t\t\t\t\t<\/li>\n\t\t\t\t\t\t\t\t\t\t\t<li>\n\t\t\t\t\t<a href=\"https:\/\/www.stefanlotter.at\/index.php\/2023\/05\/17\/lyrik-im-wald-da-steht-ein-haeusl\/\">Lyrik: Im Wald, da steht ein H\u00e4usl<\/a>\n\t\t\t\t\t\t\t\t\t<\/li>\n\t\t\t\t\t<\/ul>\n\n\t\t<\/div><\/div><\/div><\/div>","protected":false},"excerpt":{"rendered":"<p>Neueste Beitr\u00e4ge Konzertank\u00fcndigung f\u00fcr 3.5. Bild zu den sinkenden Temperaturen: Froschtig. Feierlichkeiten zum \u00d6sterreichischen Nationalfeiertag Auftritt in der LaOla Bar Bundespr\u00e4sident Alexander Van der Bellen an der Uni Z\u00fcrich Feierlichkeiten zum \u00d6sterreichischen Nationalfeiertag Die Burgerschaft K&#038;K am Wasser Leider bin i net die Credit Suisse Lyrik: Im Wald, da steht ein H\u00e4usl<\/p>\n","protected":false},"author":1,"featured_media":0,"parent":0,"menu_order":0,"comment_status":"closed","ping_status":"closed","template":"","meta":{"_exactmetrics_skip_tracking":false,"_exactmetrics_sitenote_active":false,"_exactmetrics_sitenote_note":"","_exactmetrics_sitenote_category":0,"footnotes":""},"class_list":["post-3304","page","type-page","status-publish","hentry"],"aioseo_notices":[],"jetpack_sharing_enabled":true,"_links":{"self":[{"href":"https:\/\/www.stefanlotter.at\/index.php\/wp-json\/wp\/v2\/pages\/3304","targetHints":{"allow":["GET"]}}],"collection":[{"href":"https:\/\/www.stefanlotter.at\/index.php\/wp-json\/wp\/v2\/pages"}],"about":[{"href":"https:\/\/www.stefanlotter.at\/index.php\/wp-json\/wp\/v2\/types\/page"}],"author":[{"embeddable":true,"href":"https:\/\/www.stefanlotter.at\/index.php\/wp-json\/wp\/v2\/users\/1"}],"replies":[{"embeddable":true,"href":"https:\/\/www.stefanlotter.at\/index.php\/wp-json\/wp\/v2\/comments?post=3304"}],"version-history":[{"count":5,"href":"https:\/\/www.stefanlotter.at\/index.php\/wp-json\/wp\/v2\/pages\/3304\/revisions"}],"predecessor-version":[{"id":3309,"href":"https:\/\/www.stefanlotter.at\/index.php\/wp-json\/wp\/v2\/pages\/3304\/revisions\/3309"}],"wp:attachment":[{"href":"https:\/\/www.stefanlotter.at\/index.php\/wp-json\/wp\/v2\/media?parent=3304"}],"curies":[{"name":"wp","href":"https:\/\/api.w.org\/{rel}","templated":true}]}}