{"id":103,"date":"2019-09-20T21:21:23","date_gmt":"2019-09-20T21:21:23","guid":{"rendered":"https:\/\/www.stefanlotter.at\/?page_id=103"},"modified":"2019-12-12T07:46:32","modified_gmt":"2019-12-12T07:46:32","slug":"about","status":"publish","type":"page","link":"https:\/\/www.stefanlotter.at\/index.php\/about\/","title":{"rendered":"About"},"content":{"rendered":"<p><strong>Stefan Lotter<\/strong>, geboren 1988 in Wien, ist in M\u00fcrzzuschlag (Steiermark, \u00d6sterreich) aufgewachsen und hat dort das Gymnasium besucht. Danach hat er 1 Jahr in Graz Germanistik und Volkskunde studiert, bevor er 2007 nach Wien gezogen ist. 2012 hat er dort das Studium der Germanistik mit Schwerpunkten in Geschichte und Philosophie abgeschlossen und sich dabei intensiv mit der Entstehung von literarischen Werken und deren Wirkung besch\u00e4ftigt. Seit 2010 ist er in Wien, \u00d6sterreich und dem deutschen Ausland mehrmals als Slam-Poet in Erscheinung getreten. Neben einer Anstellung im Literaturhaus Wien im Bereich F\u00fchrungen hat er 2013 mit \u201eMr. Write\u201c ein Texter- und Transkriptionsunternehmen gegr\u00fcndet, das er bis 2017 betrieben hat. Zus\u00e4tzlich zur Literatur ist er\u00a0 auch im musikalischen Bereich t\u00e4tig und hat 2016 mit der Gruppe \u201eRoustik\u201c das gleichnamige Album ver\u00f6ffentlicht.\u00a0 2018 zog er nach Z\u00fcrich in der Schweiz und ist dort seitdem als Deutsch-Trainer t\u00e4tig. Im Mai 2019 ver\u00f6ffentlichte er seinen ersten Roman &#171;Deine zerrissene Welt&#187; \u00fcber amazon.<\/p>\n","protected":false},"excerpt":{"rendered":"<p>Stefan Lotter, geboren 1988 in Wien, ist in M\u00fcrzzuschlag (Steiermark, \u00d6sterreich) aufgewachsen und hat dort das Gymnasium besucht. Danach hat er 1 Jahr in Graz Germanistik und Volkskunde studiert, bevor er 2007 nach Wien gezogen ist. 2012 hat er dort das Studium der Germanistik mit Schwerpunkten in Geschichte und Philosophie abgeschlossen und sich dabei intensiv [&hellip;]<\/p>\n","protected":false},"author":1,"featured_media":136,"parent":0,"menu_order":0,"comment_status":"closed","ping_status":"closed","template":"","meta":{"_exactmetrics_skip_tracking":false,"_exactmetrics_sitenote_active":false,"_exactmetrics_sitenote_note":"","_exactmetrics_sitenote_category":0,"footnotes":""},"class_list":["post-103","page","type-page","status-publish","has-post-thumbnail","hentry"],"aioseo_notices":[],"jetpack_sharing_enabled":true,"_links":{"self":[{"href":"https:\/\/www.stefanlotter.at\/index.php\/wp-json\/wp\/v2\/pages\/103","targetHints":{"allow":["GET"]}}],"collection":[{"href":"https:\/\/www.stefanlotter.at\/index.php\/wp-json\/wp\/v2\/pages"}],"about":[{"href":"https:\/\/www.stefanlotter.at\/index.php\/wp-json\/wp\/v2\/types\/page"}],"author":[{"embeddable":true,"href":"https:\/\/www.stefanlotter.at\/index.php\/wp-json\/wp\/v2\/users\/1"}],"replies":[{"embeddable":true,"href":"https:\/\/www.stefanlotter.at\/index.php\/wp-json\/wp\/v2\/comments?post=103"}],"version-history":[{"count":7,"href":"https:\/\/www.stefanlotter.at\/index.php\/wp-json\/wp\/v2\/pages\/103\/revisions"}],"predecessor-version":[{"id":1750,"href":"https:\/\/www.stefanlotter.at\/index.php\/wp-json\/wp\/v2\/pages\/103\/revisions\/1750"}],"wp:featuredmedia":[{"embeddable":true,"href":"https:\/\/www.stefanlotter.at\/index.php\/wp-json\/wp\/v2\/media\/136"}],"wp:attachment":[{"href":"https:\/\/www.stefanlotter.at\/index.php\/wp-json\/wp\/v2\/media?parent=103"}],"curies":[{"name":"wp","href":"https:\/\/api.w.org\/{rel}","templated":true}]}}